{"id":56,"date":"2025-05-14T18:16:08","date_gmt":"2025-05-14T18:16:08","guid":{"rendered":"https:\/\/terrasuleditora.com.br\/novo\/?page_id=56"},"modified":"2025-06-21T19:52:22","modified_gmt":"2025-06-21T19:52:22","slug":"projeto-saber","status":"publish","type":"page","link":"https:\/\/terrasuleditora.com.br\/novo\/projeto-saber\/","title":{"rendered":"Projeto Saber"},"content":{"rendered":"\t\t<div data-elementor-type=\"wp-page\" data-elementor-id=\"56\" class=\"elementor elementor-56\" data-elementor-post-type=\"page\">\n\t\t\t\t<div class=\"elementor-element elementor-element-272107a e-flex e-con-boxed e-con e-parent\" data-id=\"272107a\" data-element_type=\"container\" data-e-type=\"container\" data-settings=\"{&quot;background_background&quot;:&quot;classic&quot;}\">\n\t\t\t\t\t<div class=\"e-con-inner\">\n\t\t<div class=\"elementor-element elementor-element-8f4427e e-con-full e-flex e-con e-child\" data-id=\"8f4427e\" data-element_type=\"container\" data-e-type=\"container\" data-settings=\"{&quot;background_background&quot;:&quot;classic&quot;}\">\n\t\t\t\t<div class=\"elementor-element elementor-element-072eb8b elementor-widget elementor-widget-image\" data-id=\"072eb8b\" data-element_type=\"widget\" data-e-type=\"widget\" data-widget_type=\"image.default\">\n\t\t\t\t<div class=\"elementor-widget-container\">\n\t\t\t\t\t\t\t\t\t\t\t\t\t\t\t<img fetchpriority=\"high\" decoding=\"async\" width=\"455\" height=\"257\" src=\"https:\/\/terrasuleditora.com.br\/novo\/wp-content\/uploads\/2025\/06\/Group-340.png\" class=\"attachment-large size-large wp-image-2902\" alt=\"\" srcset=\"https:\/\/terrasuleditora.com.br\/novo\/wp-content\/uploads\/2025\/06\/Group-340.png 455w, https:\/\/terrasuleditora.com.br\/novo\/wp-content\/uploads\/2025\/06\/Group-340-300x169.png 300w\" sizes=\"(max-width: 455px) 100vw, 455px\" \/>\t\t\t\t\t\t\t\t\t\t\t\t\t\t\t<\/div>\n\t\t\t\t<\/div>\n\t\t\t\t<div class=\"elementor-element elementor-element-5204ff1 elementor-align-left elementor-widget__width-initial elementor-widget elementor-widget-button\" data-id=\"5204ff1\" data-element_type=\"widget\" data-e-type=\"widget\" data-widget_type=\"button.default\">\n\t\t\t\t<div class=\"elementor-widget-container\">\n\t\t\t\t\t\t\t\t\t<div class=\"elementor-button-wrapper\">\n\t\t\t\t\t<a class=\"elementor-button elementor-button-link elementor-size-sm\" href=\"https:\/\/terrasuleditora.com.br\/novo\/contato\/\">\n\t\t\t\t\t\t<span class=\"elementor-button-content-wrapper\">\n\t\t\t\t\t\t\t\t\t<span class=\"elementor-button-text\">Tenha na sua escola<\/span>\n\t\t\t\t\t<\/span>\n\t\t\t\t\t<\/a>\n\t\t\t\t<\/div>\n\t\t\t\t\t\t\t\t<\/div>\n\t\t\t\t<\/div>\n\t\t\t\t<\/div>\n\t\t<div class=\"elementor-element elementor-element-1c35c54 e-con-full e-flex e-con e-child\" data-id=\"1c35c54\" data-element_type=\"container\" data-e-type=\"container\">\n\t\t\t\t<div class=\"elementor-element elementor-element-a77b814 elementor-widget elementor-widget-image\" data-id=\"a77b814\" data-element_type=\"widget\" data-e-type=\"widget\" data-widget_type=\"image.default\">\n\t\t\t\t<div class=\"elementor-widget-container\">\n\t\t\t\t\t\t\t\t\t\t\t\t\t\t\t<img decoding=\"async\" width=\"672\" height=\"527\" src=\"https:\/\/terrasuleditora.com.br\/novo\/wp-content\/uploads\/2025\/06\/livros_banner_projeto_saber-min-1.png\" class=\"attachment-medium_large size-medium_large wp-image-2904\" alt=\"\" srcset=\"https:\/\/terrasuleditora.com.br\/novo\/wp-content\/uploads\/2025\/06\/livros_banner_projeto_saber-min-1.png 672w, https:\/\/terrasuleditora.com.br\/novo\/wp-content\/uploads\/2025\/06\/livros_banner_projeto_saber-min-1-300x235.png 300w\" sizes=\"(max-width: 672px) 100vw, 672px\" \/>\t\t\t\t\t\t\t\t\t\t\t\t\t\t\t<\/div>\n\t\t\t\t<\/div>\n\t\t\t\t<\/div>\n\t\t\t\t\t<\/div>\n\t\t\t\t<\/div>\n\t\t<div class=\"elementor-element elementor-element-3490ccf e-flex e-con-boxed e-con e-parent\" data-id=\"3490ccf\" data-element_type=\"container\" data-e-type=\"container\" data-settings=\"{&quot;background_background&quot;:&quot;classic&quot;}\">\n\t\t\t\t\t<div class=\"e-con-inner\">\n\t\t<div class=\"elementor-element elementor-element-b41fcec e-con-full e-flex e-con e-child\" data-id=\"b41fcec\" data-element_type=\"container\" data-e-type=\"container\">\n\t\t\t\t<div class=\"elementor-element elementor-element-f69c0a2 elementor-widget elementor-widget-heading\" data-id=\"f69c0a2\" data-element_type=\"widget\" data-e-type=\"widget\" data-widget_type=\"heading.default\">\n\t\t\t\t<div class=\"elementor-widget-container\">\n\t\t\t\t\t<h2 class=\"elementor-heading-title elementor-size-default\">Proposta Pedag\u00f3gica<\/h2>\t\t\t\t<\/div>\n\t\t\t\t<\/div>\n\t\t\t\t<div class=\"elementor-element elementor-element-ba09dfe elementor-widget elementor-widget-text-editor\" data-id=\"ba09dfe\" data-element_type=\"widget\" data-e-type=\"widget\" data-widget_type=\"text-editor.default\">\n\t\t\t\t<div class=\"elementor-widget-container\">\n\t\t\t\t\t\t\t\t\t<p>L\u00edngua Portuguesa, Matem\u00e1tica, Ci\u00eancias, Hist\u00f3ria e Geografia. Essas s\u00e3o as disciplinas contempladas no Projeto Saber, sistema de ensino do 1.\u00b0 ao 5.\u00b0 ano. Aborda temas contempor\u00e2neos relacionados ao cotidiano dos alunos, suas rela\u00e7\u00f5es sociais e o mundo que os cerca.<\/p><p>Se houver interesse do munic\u00edpio em colocar conte\u00fados que mostrem a realidade do seu espa\u00e7o geogr\u00e1fico, a equipe editorial cuidar\u00e1 da customiza\u00e7\u00e3o da obra, adequando textos, imagens, mapas e conte\u00fados para que contemplem aspectos locais e regionais do munic\u00edpio.<\/p><p>Ser\u00e1 oferecida para o munic\u00edpio que adquirir esse projeto, a capacita\u00e7\u00e3o dos professores, que poder\u00e1 ser presencial ou\u00a0<em>on-line<\/em>.<\/p>\t\t\t\t\t\t\t\t<\/div>\n\t\t\t\t<\/div>\n\t\t\t\t<div class=\"elementor-element elementor-element-8b16b38 elementor-widget elementor-widget-heading\" data-id=\"8b16b38\" data-element_type=\"widget\" data-e-type=\"widget\" data-widget_type=\"heading.default\">\n\t\t\t\t<div class=\"elementor-widget-container\">\n\t\t\t\t\t<h2 class=\"elementor-heading-title elementor-size-default\">Perguntas e respostas<\/h2>\t\t\t\t<\/div>\n\t\t\t\t<\/div>\n\t\t\t\t<div class=\"elementor-element elementor-element-4c5298f elementor-widget elementor-widget-text-editor\" data-id=\"4c5298f\" data-element_type=\"widget\" data-e-type=\"widget\" data-widget_type=\"text-editor.default\">\n\t\t\t\t<div class=\"elementor-widget-container\">\n\t\t\t\t\t\t\t\t\t<p>Confira algumas perguntas e respostas frequentes.<\/p><p>Caso sua d\u00favida n\u00e3o esteja aqui, utilize nosso canal de contato.<\/p><p><strong>Meu munic\u00edpio tem interesse em colocar conte\u00fados que mostrem a realidade de nosso espa\u00e7o geogr\u00e1fico, isso \u00e9 poss\u00edvel?<\/strong><\/p><p>R: Sim, isso \u00e9 poss\u00edvel.<\/p><p><strong>De que forma ocorrer\u00e1 a capacita\u00e7\u00e3o dos professores para o munic\u00edpio que adquirir esse projeto?<\/strong><\/p><p>R: Capacita\u00e7\u00e3o poder\u00e1 ser presencial ou on-line conforme o munic\u00edpio escolher.<\/p>\t\t\t\t\t\t\t\t<\/div>\n\t\t\t\t<\/div>\n\t\t\t\t<\/div>\n\t\t<div class=\"elementor-element elementor-element-811a4f1 e-con-full e-flex e-con e-child\" data-id=\"811a4f1\" data-element_type=\"container\" data-e-type=\"container\">\n\t\t\t\t<div class=\"elementor-element elementor-element-6422730 elementor-widget elementor-widget-image\" data-id=\"6422730\" data-element_type=\"widget\" data-e-type=\"widget\" data-widget_type=\"image.default\">\n\t\t\t\t<div class=\"elementor-widget-container\">\n\t\t\t\t\t\t\t\t\t\t\t\t\t\t\t<img decoding=\"async\" width=\"211\" height=\"319\" src=\"https:\/\/terrasuleditora.com.br\/novo\/wp-content\/uploads\/2025\/06\/icon-projeto-1-min.png\" class=\"attachment-large size-large wp-image-2942\" alt=\"\" srcset=\"https:\/\/terrasuleditora.com.br\/novo\/wp-content\/uploads\/2025\/06\/icon-projeto-1-min.png 211w, https:\/\/terrasuleditora.com.br\/novo\/wp-content\/uploads\/2025\/06\/icon-projeto-1-min-198x300.png 198w\" sizes=\"(max-width: 211px) 100vw, 211px\" \/>\t\t\t\t\t\t\t\t\t\t\t\t\t\t\t<\/div>\n\t\t\t\t<\/div>\n\t\t\t\t<\/div>\n\t\t\t\t\t<\/div>\n\t\t\t\t<\/div>\n\t\t<div class=\"elementor-element elementor-element-5d3e3d7 e-flex e-con-boxed e-con e-parent\" data-id=\"5d3e3d7\" data-element_type=\"container\" data-e-type=\"container\">\n\t\t\t\t\t<div class=\"e-con-inner\">\n\t\t\t\t<div class=\"elementor-element elementor-element-96b270f elementor-widget elementor-widget-heading\" data-id=\"96b270f\" data-element_type=\"widget\" data-e-type=\"widget\" data-widget_type=\"heading.default\">\n\t\t\t\t<div class=\"elementor-widget-container\">\n\t\t\t\t\t<h2 class=\"elementor-heading-title elementor-size-default\">Conhe\u00e7a o Projeto<\/h2>\t\t\t\t<\/div>\n\t\t\t\t<\/div>\n\t\t\t\t\t<\/div>\n\t\t\t\t<\/div>\n\t\t<div class=\"elementor-element elementor-element-0c3ea5d e-flex e-con-boxed e-con e-parent\" data-id=\"0c3ea5d\" data-element_type=\"container\" data-e-type=\"container\">\n\t\t\t\t\t<div class=\"e-con-inner\">\n\t\t<div class=\"elementor-element elementor-element-49a1699 e-con-full e-flex e-con e-child\" data-id=\"49a1699\" data-element_type=\"container\" data-e-type=\"container\" data-settings=\"{&quot;background_background&quot;:&quot;classic&quot;}\">\n\t\t\t\t<div class=\"elementor-element elementor-element-b4d10ce elementor-widget elementor-widget-video\" data-id=\"b4d10ce\" data-element_type=\"widget\" data-e-type=\"widget\" data-settings=\"{&quot;youtube_url&quot;:&quot;https:\\\/\\\/www.youtube.com\\\/watch?v=4ceaO9I6gdk&quot;,&quot;video_type&quot;:&quot;youtube&quot;,&quot;controls&quot;:&quot;yes&quot;}\" data-widget_type=\"video.default\">\n\t\t\t\t<div class=\"elementor-widget-container\">\n\t\t\t\t\t\t\t<div class=\"elementor-wrapper elementor-open-inline\">\n\t\t\t<div class=\"elementor-video\"><\/div>\t\t<\/div>\n\t\t\t\t\t\t<\/div>\n\t\t\t\t<\/div>\n\t\t\t\t<\/div>\n\t\t\t\t\t<\/div>\n\t\t\t\t<\/div>\n\t\t<div class=\"elementor-element elementor-element-135d114 e-flex e-con-boxed e-con e-parent\" data-id=\"135d114\" data-element_type=\"container\" data-e-type=\"container\">\n\t\t\t\t\t<div class=\"e-con-inner\">\n\t\t\t\t<div class=\"elementor-element elementor-element-773d90f elementor-align-center elementor-widget__width-initial elementor-widget elementor-widget-button\" data-id=\"773d90f\" data-element_type=\"widget\" data-e-type=\"widget\" data-widget_type=\"button.default\">\n\t\t\t\t<div class=\"elementor-widget-container\">\n\t\t\t\t\t\t\t\t\t<div class=\"elementor-button-wrapper\">\n\t\t\t\t\t<a class=\"elementor-button elementor-button-link elementor-size-sm\" href=\"https:\/\/terrasuleditora.com.br\/novo\/contato\/\">\n\t\t\t\t\t\t<span class=\"elementor-button-content-wrapper\">\n\t\t\t\t\t\t\t\t\t<span class=\"elementor-button-text\">Fale Conosco<\/span>\n\t\t\t\t\t<\/span>\n\t\t\t\t\t<\/a>\n\t\t\t\t<\/div>\n\t\t\t\t\t\t\t\t<\/div>\n\t\t\t\t<\/div>\n\t\t\t\t\t<\/div>\n\t\t\t\t<\/div>\n\t\t<div class=\"elementor-element elementor-element-2acf3d5 e-flex e-con-boxed e-con e-parent\" data-id=\"2acf3d5\" data-element_type=\"container\" data-e-type=\"container\">\n\t\t\t\t\t<div class=\"e-con-inner\">\n\t\t<div class=\"elementor-element elementor-element-56b84cb e-con-full e-flex e-con e-child\" data-id=\"56b84cb\" data-element_type=\"container\" data-e-type=\"container\">\n\t\t\t\t<div class=\"elementor-element elementor-element-5f6b89e elementor-widget elementor-widget-heading\" data-id=\"5f6b89e\" data-element_type=\"widget\" data-e-type=\"widget\" data-widget_type=\"heading.default\">\n\t\t\t\t<div class=\"elementor-widget-container\">\n\t\t\t\t\t<h2 class=\"elementor-heading-title elementor-size-default\">Demonstra\u00e7\u00e3o do Material<\/h2>\t\t\t\t<\/div>\n\t\t\t\t<\/div>\n\t\t\t\t<\/div>\n\t\t<div class=\"elementor-element elementor-element-ec7f01f e-con-full e-flex e-con e-child\" data-id=\"ec7f01f\" data-element_type=\"container\" data-e-type=\"container\">\n\t\t\t\t<div class=\"elementor-element elementor-element-53537a4 elementor-arrows-position-inside elementor-widget elementor-widget-n-carousel\" data-id=\"53537a4\" data-element_type=\"widget\" data-e-type=\"widget\" data-settings=\"{&quot;carousel_items&quot;:[{&quot;slide_title&quot;:&quot;Slide #1&quot;,&quot;_id&quot;:&quot;a6cfd10&quot;,&quot;__dynamic__&quot;:[]},{&quot;slide_title&quot;:&quot;Slide #2&quot;,&quot;__dynamic__&quot;:[],&quot;_id&quot;:&quot;92f4281&quot;}],&quot;slides_to_show&quot;:&quot;1&quot;,&quot;offset_sides&quot;:&quot;right&quot;,&quot;slides_to_show_tablet&quot;:&quot;1&quot;,&quot;slides_to_scroll&quot;:&quot;1&quot;,&quot;offset_width&quot;:{&quot;unit&quot;:&quot;px&quot;,&quot;size&quot;:56,&quot;sizes&quot;:[]},&quot;slides_to_show_mobile&quot;:&quot;1&quot;,&quot;infinite&quot;:&quot;yes&quot;,&quot;speed&quot;:500,&quot;offset_width_tablet&quot;:{&quot;unit&quot;:&quot;px&quot;,&quot;size&quot;:&quot;&quot;,&quot;sizes&quot;:[]},&quot;offset_width_mobile&quot;:{&quot;unit&quot;:&quot;px&quot;,&quot;size&quot;:&quot;&quot;,&quot;sizes&quot;:[]},&quot;arrows&quot;:&quot;yes&quot;,&quot;image_spacing_custom&quot;:{&quot;unit&quot;:&quot;px&quot;,&quot;size&quot;:10,&quot;sizes&quot;:[]},&quot;image_spacing_custom_tablet&quot;:{&quot;unit&quot;:&quot;px&quot;,&quot;size&quot;:&quot;&quot;,&quot;sizes&quot;:[]},&quot;image_spacing_custom_mobile&quot;:{&quot;unit&quot;:&quot;px&quot;,&quot;size&quot;:&quot;&quot;,&quot;sizes&quot;:[]}}\" data-widget_type=\"nested-carousel.default\">\n\t\t\t\t<div class=\"elementor-widget-container\">\n\t\t\t\t\t\t\t<div class=\"e-n-carousel swiper\" role=\"region\" aria-roledescription=\"carousel\" aria-label=\"Carousel-02\" dir=\"ltr\">\n\t\t\t<div class=\"swiper-wrapper\" aria-live=\"polite\">\n\t\t\t\t\t\t\t\t\t\t<div class=\"swiper-slide\" data-slide=\"1\" role=\"group\" aria-roledescription=\"slide\" aria-label=\"1 of 2\">\n\t\t\t\t\t\t\t<div class=\"elementor-element elementor-element-99a0471 e-flex e-con-boxed e-con e-child\" data-id=\"99a0471\" data-element_type=\"container\" data-e-type=\"container\">\n\t\t\t\t\t<div class=\"e-con-inner\">\n\t\t<div class=\"elementor-element elementor-element-3cb9f1e e-con-full e-flex e-con e-child\" data-id=\"3cb9f1e\" data-element_type=\"container\" data-e-type=\"container\">\n\t\t\t\t<div class=\"elementor-element elementor-element-f80b5eb elementor-widget elementor-widget-image\" data-id=\"f80b5eb\" data-element_type=\"widget\" data-e-type=\"widget\" data-widget_type=\"image.default\">\n\t\t\t\t<div class=\"elementor-widget-container\">\n\t\t\t\t\t\t\t\t\t\t\t\t\t\t\t<img loading=\"lazy\" decoding=\"async\" width=\"1096\" height=\"684\" src=\"https:\/\/terrasuleditora.com.br\/novo\/wp-content\/uploads\/2025\/06\/projeto-img-3-min-Copia-2.png\" class=\"attachment-full size-full wp-image-2974\" alt=\"\" srcset=\"https:\/\/terrasuleditora.com.br\/novo\/wp-content\/uploads\/2025\/06\/projeto-img-3-min-Copia-2.png 1096w, https:\/\/terrasuleditora.com.br\/novo\/wp-content\/uploads\/2025\/06\/projeto-img-3-min-Copia-2-300x187.png 300w, https:\/\/terrasuleditora.com.br\/novo\/wp-content\/uploads\/2025\/06\/projeto-img-3-min-Copia-2-1024x639.png 1024w, https:\/\/terrasuleditora.com.br\/novo\/wp-content\/uploads\/2025\/06\/projeto-img-3-min-Copia-2-768x479.png 768w\" sizes=\"(max-width: 1096px) 100vw, 1096px\" \/>\t\t\t\t\t\t\t\t\t\t\t\t\t\t\t<\/div>\n\t\t\t\t<\/div>\n\t\t\t\t<\/div>\n\t\t\t\t\t<\/div>\n\t\t\t\t<\/div>\n\t\t\t\t\t\t\t\t<\/div>\n\t\t\t\t\t\t\t\t\t\t\t<div class=\"swiper-slide\" data-slide=\"2\" role=\"group\" aria-roledescription=\"slide\" aria-label=\"2 of 2\">\n\t\t\t\t\t\t\t<div class=\"elementor-element elementor-element-aa44d75 e-flex e-con-boxed e-con e-child\" data-id=\"aa44d75\" data-element_type=\"container\" data-e-type=\"container\">\n\t\t\t\t\t<div class=\"e-con-inner\">\n\t\t<div class=\"elementor-element elementor-element-1bdd264 e-con-full e-flex e-con e-child\" data-id=\"1bdd264\" data-element_type=\"container\" data-e-type=\"container\">\n\t\t\t\t<div class=\"elementor-element elementor-element-35f6690 elementor-widget elementor-widget-image\" data-id=\"35f6690\" data-element_type=\"widget\" data-e-type=\"widget\" data-widget_type=\"image.default\">\n\t\t\t\t<div class=\"elementor-widget-container\">\n\t\t\t\t\t\t\t\t\t\t\t\t\t\t\t<img loading=\"lazy\" decoding=\"async\" width=\"1096\" height=\"684\" src=\"https:\/\/terrasuleditora.com.br\/novo\/wp-content\/uploads\/2025\/06\/projeto-img-3-min-Copia-2.png\" class=\"attachment-full size-full wp-image-2974\" alt=\"\" srcset=\"https:\/\/terrasuleditora.com.br\/novo\/wp-content\/uploads\/2025\/06\/projeto-img-3-min-Copia-2.png 1096w, https:\/\/terrasuleditora.com.br\/novo\/wp-content\/uploads\/2025\/06\/projeto-img-3-min-Copia-2-300x187.png 300w, https:\/\/terrasuleditora.com.br\/novo\/wp-content\/uploads\/2025\/06\/projeto-img-3-min-Copia-2-1024x639.png 1024w, https:\/\/terrasuleditora.com.br\/novo\/wp-content\/uploads\/2025\/06\/projeto-img-3-min-Copia-2-768x479.png 768w\" sizes=\"(max-width: 1096px) 100vw, 1096px\" \/>\t\t\t\t\t\t\t\t\t\t\t\t\t\t\t<\/div>\n\t\t\t\t<\/div>\n\t\t\t\t<\/div>\n\t\t\t\t\t<\/div>\n\t\t\t\t<\/div>\n\t\t\t\t\t\t\t\t<\/div>\n\t\t\t\t\t\t\t\t<\/div>\n\t\t<\/div>\n\t\t\t\t\t<div class=\"elementor-swiper-button elementor-swiper-button-prev\" role=\"button\" tabindex=\"0\" aria-label=\"Previous\">\n\t\t\t\t<svg aria-hidden=\"true\" class=\"e-font-icon-svg e-eicon-chevron-left\" viewBox=\"0 0 1000 1000\" xmlns=\"http:\/\/www.w3.org\/2000\/svg\"><path d=\"M646 125C629 125 613 133 604 142L308 442C296 454 292 471 292 487 292 504 296 521 308 533L604 854C617 867 629 875 646 875 663 875 679 871 692 858 704 846 713 829 713 812 713 796 708 779 692 767L438 487 692 225C700 217 708 204 708 187 708 171 704 154 692 142 675 129 663 125 646 125Z\"><\/path><\/svg>\t\t\t<\/div>\n\t\t\t<div class=\"elementor-swiper-button elementor-swiper-button-next\" role=\"button\" tabindex=\"0\" aria-label=\"Next\">\n\t\t\t\t<svg aria-hidden=\"true\" class=\"e-font-icon-svg e-eicon-chevron-right\" viewBox=\"0 0 1000 1000\" xmlns=\"http:\/\/www.w3.org\/2000\/svg\"><path d=\"M696 533C708 521 713 504 713 487 713 471 708 454 696 446L400 146C388 133 375 125 354 125 338 125 325 129 313 142 300 154 292 171 292 187 292 204 296 221 308 233L563 492 304 771C292 783 288 800 288 817 288 833 296 850 308 863 321 871 338 875 354 875 371 875 388 867 400 854L696 533Z\"><\/path><\/svg>\t\t\t<\/div>\n\t\t\t\t\t\t<\/div>\n\t\t\t\t<\/div>\n\t\t\t\t<\/div>\n\t\t\t\t\t<\/div>\n\t\t\t\t<\/div>\n\t\t<div class=\"elementor-element elementor-element-390e222 e-flex e-con-boxed e-con e-parent\" data-id=\"390e222\" data-element_type=\"container\" data-e-type=\"container\" data-settings=\"{&quot;background_background&quot;:&quot;classic&quot;}\">\n\t\t\t\t\t<div class=\"e-con-inner\">\n\t\t\t\t<div class=\"elementor-element elementor-element-19c3ce3 elementor-widget elementor-widget-heading\" data-id=\"19c3ce3\" data-element_type=\"widget\" data-e-type=\"widget\" data-widget_type=\"heading.default\">\n\t\t\t\t<div class=\"elementor-widget-container\">\n\t\t\t\t\t<h2 class=\"elementor-heading-title elementor-size-default\">Quer saber mais detalhes ?<\/h2>\t\t\t\t<\/div>\n\t\t\t\t<\/div>\n\t\t\t\t<div class=\"elementor-element elementor-element-b66a621 elementor-align-center elementor-widget elementor-widget-button\" data-id=\"b66a621\" data-element_type=\"widget\" data-e-type=\"widget\" data-widget_type=\"button.default\">\n\t\t\t\t<div class=\"elementor-widget-container\">\n\t\t\t\t\t\t\t\t\t<div class=\"elementor-button-wrapper\">\n\t\t\t\t\t<a class=\"elementor-button elementor-button-link elementor-size-sm\" href=\"https:\/\/terrasuleditora.com.br\/novo\/contato\/\">\n\t\t\t\t\t\t<span class=\"elementor-button-content-wrapper\">\n\t\t\t\t\t\t\t\t\t<span class=\"elementor-button-text\">Fale Conosco<\/span>\n\t\t\t\t\t<\/span>\n\t\t\t\t\t<\/a>\n\t\t\t\t<\/div>\n\t\t\t\t\t\t\t\t<\/div>\n\t\t\t\t<\/div>\n\t\t\t\t\t<\/div>\n\t\t\t\t<\/div>\n\t\t\t\t<\/div>\n\t\t","protected":false},"excerpt":{"rendered":"<p>Tenha na sua escola Proposta Pedag\u00f3gica L\u00edngua Portuguesa, Matem\u00e1tica, Ci\u00eancias, Hist\u00f3ria e Geografia. Essas s\u00e3o as disciplinas contempladas no Projeto Saber, sistema de ensino do 1.\u00b0 ao 5.\u00b0 ano. Aborda temas contempor\u00e2neos relacionados ao cotidiano dos alunos, suas rela\u00e7\u00f5es sociais e o mundo que os cerca. Se houver interesse do munic\u00edpio em colocar conte\u00fados que [&hellip;]<\/p>\n","protected":false},"author":1,"featured_media":0,"parent":0,"menu_order":0,"comment_status":"closed","ping_status":"closed","template":"elementor_header_footer","meta":{"footnotes":""},"class_list":["post-56","page","type-page","status-publish","hentry"],"_links":{"self":[{"href":"https:\/\/terrasuleditora.com.br\/novo\/wp-json\/wp\/v2\/pages\/56","targetHints":{"allow":["GET"]}}],"collection":[{"href":"https:\/\/terrasuleditora.com.br\/novo\/wp-json\/wp\/v2\/pages"}],"about":[{"href":"https:\/\/terrasuleditora.com.br\/novo\/wp-json\/wp\/v2\/types\/page"}],"author":[{"embeddable":true,"href":"https:\/\/terrasuleditora.com.br\/novo\/wp-json\/wp\/v2\/users\/1"}],"replies":[{"embeddable":true,"href":"https:\/\/terrasuleditora.com.br\/novo\/wp-json\/wp\/v2\/comments?post=56"}],"version-history":[{"count":94,"href":"https:\/\/terrasuleditora.com.br\/novo\/wp-json\/wp\/v2\/pages\/56\/revisions"}],"predecessor-version":[{"id":3380,"href":"https:\/\/terrasuleditora.com.br\/novo\/wp-json\/wp\/v2\/pages\/56\/revisions\/3380"}],"wp:attachment":[{"href":"https:\/\/terrasuleditora.com.br\/novo\/wp-json\/wp\/v2\/media?parent=56"}],"curies":[{"name":"wp","href":"https:\/\/api.w.org\/{rel}","templated":true}]}}