{"id":58,"date":"2025-05-14T18:16:40","date_gmt":"2025-05-14T18:16:40","guid":{"rendered":"https:\/\/terrasuleditora.com.br\/novo\/?page_id=58"},"modified":"2025-06-21T19:54:16","modified_gmt":"2025-06-21T19:54:16","slug":"avaliando","status":"publish","type":"page","link":"https:\/\/terrasuleditora.com.br\/novo\/avaliando\/","title":{"rendered":"Avaliando"},"content":{"rendered":"\t\t<div data-elementor-type=\"wp-page\" data-elementor-id=\"58\" class=\"elementor elementor-58\" data-elementor-post-type=\"page\">\n\t\t\t\t<div class=\"elementor-element elementor-element-951603a e-flex e-con-boxed e-con e-parent\" data-id=\"951603a\" data-element_type=\"container\" data-e-type=\"container\" data-settings=\"{&quot;background_background&quot;:&quot;classic&quot;}\">\n\t\t\t\t\t<div class=\"e-con-inner\">\n\t\t<div class=\"elementor-element elementor-element-829aefc e-con-full e-flex e-con e-child\" data-id=\"829aefc\" data-element_type=\"container\" data-e-type=\"container\">\n\t\t\t\t<div class=\"elementor-element elementor-element-eae10c3 elementor-widget elementor-widget-image\" data-id=\"eae10c3\" data-element_type=\"widget\" data-e-type=\"widget\" data-widget_type=\"image.default\">\n\t\t\t\t<div class=\"elementor-widget-container\">\n\t\t\t\t\t\t\t\t\t\t\t\t\t\t\t<img fetchpriority=\"high\" decoding=\"async\" width=\"585\" height=\"145\" src=\"https:\/\/terrasuleditora.com.br\/novo\/wp-content\/uploads\/2025\/06\/Group-341.png\" class=\"attachment-large size-large wp-image-3008\" alt=\"\" srcset=\"https:\/\/terrasuleditora.com.br\/novo\/wp-content\/uploads\/2025\/06\/Group-341.png 585w, https:\/\/terrasuleditora.com.br\/novo\/wp-content\/uploads\/2025\/06\/Group-341-300x74.png 300w\" sizes=\"(max-width: 585px) 100vw, 585px\" \/>\t\t\t\t\t\t\t\t\t\t\t\t\t\t\t<\/div>\n\t\t\t\t<\/div>\n\t\t\t\t<div class=\"elementor-element elementor-element-96195fc elementor-widget elementor-widget-heading\" data-id=\"96195fc\" data-element_type=\"widget\" data-e-type=\"widget\" data-widget_type=\"heading.default\">\n\t\t\t\t<div class=\"elementor-widget-container\">\n\t\t\t\t\t<h2 class=\"elementor-heading-title elementor-size-default\">Ferramenta preparat\u00f3ria para as avalia\u00e7\u00f5es externas aplicadas pelo Minist\u00e9rio da Educa\u00e7\u00e3o.<\/h2>\t\t\t\t<\/div>\n\t\t\t\t<\/div>\n\t\t\t\t<div class=\"elementor-element elementor-element-a7f257c elementor-align-left elementor-widget__width-initial elementor-widget elementor-widget-button\" data-id=\"a7f257c\" data-element_type=\"widget\" data-e-type=\"widget\" data-widget_type=\"button.default\">\n\t\t\t\t<div class=\"elementor-widget-container\">\n\t\t\t\t\t\t\t\t\t<div class=\"elementor-button-wrapper\">\n\t\t\t\t\t<a class=\"elementor-button elementor-button-link elementor-size-sm\" href=\"https:\/\/terrasul.koleos.com.br\/login\" target=\"_blank\">\n\t\t\t\t\t\t<span class=\"elementor-button-content-wrapper\">\n\t\t\t\t\t\t\t\t\t<span class=\"elementor-button-text\">Acessar Plataforma<\/span>\n\t\t\t\t\t<\/span>\n\t\t\t\t\t<\/a>\n\t\t\t\t<\/div>\n\t\t\t\t\t\t\t\t<\/div>\n\t\t\t\t<\/div>\n\t\t\t\t<\/div>\n\t\t<div class=\"elementor-element elementor-element-be29b7e e-con-full e-flex e-con e-child\" data-id=\"be29b7e\" data-element_type=\"container\" data-e-type=\"container\">\n\t\t\t\t<div class=\"elementor-element elementor-element-1f96c8d elementor-widget elementor-widget-image\" data-id=\"1f96c8d\" data-element_type=\"widget\" data-e-type=\"widget\" data-widget_type=\"image.default\">\n\t\t\t\t<div class=\"elementor-widget-container\">\n\t\t\t\t\t\t\t\t\t\t\t\t\t\t\t<img decoding=\"async\" width=\"800\" height=\"518\" src=\"https:\/\/terrasuleditora.com.br\/novo\/wp-content\/uploads\/2025\/06\/imagem_banner_avaliando-min.png\" class=\"attachment-large size-large wp-image-3004\" alt=\"\" srcset=\"https:\/\/terrasuleditora.com.br\/novo\/wp-content\/uploads\/2025\/06\/imagem_banner_avaliando-min.png 936w, https:\/\/terrasuleditora.com.br\/novo\/wp-content\/uploads\/2025\/06\/imagem_banner_avaliando-min-300x194.png 300w, https:\/\/terrasuleditora.com.br\/novo\/wp-content\/uploads\/2025\/06\/imagem_banner_avaliando-min-768x497.png 768w\" sizes=\"(max-width: 800px) 100vw, 800px\" \/>\t\t\t\t\t\t\t\t\t\t\t\t\t\t\t<\/div>\n\t\t\t\t<\/div>\n\t\t\t\t<\/div>\n\t\t\t\t\t<\/div>\n\t\t\t\t<\/div>\n\t\t<div class=\"elementor-element elementor-element-4397880 e-flex e-con-boxed e-con e-parent\" data-id=\"4397880\" data-element_type=\"container\" data-e-type=\"container\" data-settings=\"{&quot;background_background&quot;:&quot;classic&quot;}\">\n\t\t\t\t\t<div class=\"e-con-inner\">\n\t\t<div class=\"elementor-element elementor-element-29c6cd9 e-con-full e-flex e-con e-child\" data-id=\"29c6cd9\" data-element_type=\"container\" data-e-type=\"container\">\n\t\t\t\t<div class=\"elementor-element elementor-element-39873ea elementor-widget elementor-widget-heading\" data-id=\"39873ea\" data-element_type=\"widget\" data-e-type=\"widget\" data-widget_type=\"heading.default\">\n\t\t\t\t<div class=\"elementor-widget-container\">\n\t\t\t\t\t<h2 class=\"elementor-heading-title elementor-size-default\">Sobre<\/h2>\t\t\t\t<\/div>\n\t\t\t\t<\/div>\n\t\t\t\t<div class=\"elementor-element elementor-element-58df749 elementor-widget elementor-widget-text-editor\" data-id=\"58df749\" data-element_type=\"widget\" data-e-type=\"widget\" data-widget_type=\"text-editor.default\">\n\t\t\t\t<div class=\"elementor-widget-container\">\n\t\t\t\t\t\t\t\t\t<p>Trata-se de uma ferramenta preparat\u00f3ria para as avalia\u00e7\u00f5es externas aplicadas pelo Minist\u00e9rio da Educa\u00e7\u00e3o, como o Saeb. O Avaliando \u00e9 composto por material impresso e plataforma digital, e fornecer\u00e1 condi\u00e7\u00f5es para diagn\u00f3stico dos n\u00edveis de aprendizado, possibilitando a repara\u00e7\u00e3o das defasagens de conhecimento.<\/p><p>Isso oportunizar\u00e1, n\u00e3o s\u00f3 ao professor como tamb\u00e9m para a rede de ensino, a obten\u00e7\u00e3o de indicadores do n\u00edvel de aprendizagem dos alunos, tanto individualmente como das turmas.<\/p><p>Direcionado para o Ensino Fundamental I, o Avaliando segue as diretrizes do Inep e \u00e9 uma complementa\u00e7\u00e3o importante no desenvolvimento das habilidades de leitura, interpreta\u00e7\u00e3o de textos e resolu\u00e7\u00e3o de problemas matem\u00e1ticos. Consequentemente, os alunos ter\u00e3o melhores resultados na prova do Saeb, o que ir\u00e1 refletir em aumento nos \u00edndices do Ideb.<\/p><p>Ao adquirir o material, ser\u00e1 garantida uma capacita\u00e7\u00e3o aos professores, que poder\u00e1 ser presencial ou on-line, conforme o munic\u00edpio escolher. Al\u00e9m disso, ser\u00e1 fornecido acesso on-line a mais testes e question\u00e1rios para serem aplicados aos alunos.<\/p>\t\t\t\t\t\t\t\t<\/div>\n\t\t\t\t<\/div>\n\t\t\t\t<div class=\"elementor-element elementor-element-36c8f6a elementor-widget elementor-widget-heading\" data-id=\"36c8f6a\" data-element_type=\"widget\" data-e-type=\"widget\" data-widget_type=\"heading.default\">\n\t\t\t\t<div class=\"elementor-widget-container\">\n\t\t\t\t\t<h2 class=\"elementor-heading-title elementor-size-default\">Perguntas e respostas<\/h2>\t\t\t\t<\/div>\n\t\t\t\t<\/div>\n\t\t\t\t<div class=\"elementor-element elementor-element-4622265 elementor-widget elementor-widget-text-editor\" data-id=\"4622265\" data-element_type=\"widget\" data-e-type=\"widget\" data-widget_type=\"text-editor.default\">\n\t\t\t\t<div class=\"elementor-widget-container\">\n\t\t\t\t\t\t\t\t\t<p>Confira algumas perguntas e respostas frequentes.<\/p><p>Caso sua d\u00favida n\u00e3o esteja aqui, utilize nosso canal de contato.<\/p><p><strong>Ao adquirir o material ser\u00e1 oferecido capacita\u00e7\u00e3o aos professores? Como?<\/strong><\/p><p>R: Sim, capacita\u00e7\u00e3o que poder\u00e1 ser presencial ou on-line conforme o munic\u00edpio escolher.<\/p><p><strong>Teremos acesso on-line a mais testes e question\u00e1rios para serem aplicados aos nossos alunos?<\/strong><\/p><p>R: Sim, sempre que necess\u00e1rio.<\/p>\t\t\t\t\t\t\t\t<\/div>\n\t\t\t\t<\/div>\n\t\t\t\t<\/div>\n\t\t<div class=\"elementor-element elementor-element-8b3a95f e-con-full e-flex e-con e-child\" data-id=\"8b3a95f\" data-element_type=\"container\" data-e-type=\"container\">\n\t\t\t\t<div class=\"elementor-element elementor-element-392e6be elementor-widget elementor-widget-image\" data-id=\"392e6be\" data-element_type=\"widget\" data-e-type=\"widget\" data-widget_type=\"image.default\">\n\t\t\t\t<div class=\"elementor-widget-container\">\n\t\t\t\t\t\t\t\t\t\t\t\t\t\t\t<img decoding=\"async\" width=\"211\" height=\"319\" src=\"https:\/\/terrasuleditora.com.br\/novo\/wp-content\/uploads\/2025\/06\/icon-projeto-1-min.png\" class=\"attachment-large size-large wp-image-2942\" alt=\"\" srcset=\"https:\/\/terrasuleditora.com.br\/novo\/wp-content\/uploads\/2025\/06\/icon-projeto-1-min.png 211w, https:\/\/terrasuleditora.com.br\/novo\/wp-content\/uploads\/2025\/06\/icon-projeto-1-min-198x300.png 198w\" sizes=\"(max-width: 211px) 100vw, 211px\" \/>\t\t\t\t\t\t\t\t\t\t\t\t\t\t\t<\/div>\n\t\t\t\t<\/div>\n\t\t\t\t<\/div>\n\t\t\t\t\t<\/div>\n\t\t\t\t<\/div>\n\t\t<div class=\"elementor-element elementor-element-af76b84 e-flex e-con-boxed e-con e-parent\" data-id=\"af76b84\" data-element_type=\"container\" data-e-type=\"container\">\n\t\t\t\t\t<div class=\"e-con-inner\">\n\t\t\t\t<div class=\"elementor-element elementor-element-ba85e8a elementor-widget elementor-widget-heading\" data-id=\"ba85e8a\" data-element_type=\"widget\" data-e-type=\"widget\" data-widget_type=\"heading.default\">\n\t\t\t\t<div class=\"elementor-widget-container\">\n\t\t\t\t\t<h2 class=\"elementor-heading-title elementor-size-default\">Conhe\u00e7a o Projeto<\/h2>\t\t\t\t<\/div>\n\t\t\t\t<\/div>\n\t\t\t\t\t<\/div>\n\t\t\t\t<\/div>\n\t\t<div class=\"elementor-element elementor-element-21334e8 e-flex e-con-boxed e-con e-parent\" data-id=\"21334e8\" data-element_type=\"container\" data-e-type=\"container\">\n\t\t\t\t\t<div class=\"e-con-inner\">\n\t\t<div class=\"elementor-element elementor-element-56cdaee e-con-full e-flex e-con e-child\" data-id=\"56cdaee\" data-element_type=\"container\" data-e-type=\"container\" data-settings=\"{&quot;background_background&quot;:&quot;classic&quot;}\">\n\t\t\t\t<div class=\"elementor-element elementor-element-ddf14d5 elementor-widget elementor-widget-video\" data-id=\"ddf14d5\" data-element_type=\"widget\" data-e-type=\"widget\" data-settings=\"{&quot;youtube_url&quot;:&quot;https:\\\/\\\/www.youtube.com\\\/watch?v=Pvy3tkJ2TW8&quot;,&quot;video_type&quot;:&quot;youtube&quot;,&quot;controls&quot;:&quot;yes&quot;}\" data-widget_type=\"video.default\">\n\t\t\t\t<div class=\"elementor-widget-container\">\n\t\t\t\t\t\t\t<div class=\"elementor-wrapper elementor-open-inline\">\n\t\t\t<div class=\"elementor-video\"><\/div>\t\t<\/div>\n\t\t\t\t\t\t<\/div>\n\t\t\t\t<\/div>\n\t\t\t\t<\/div>\n\t\t\t\t\t<\/div>\n\t\t\t\t<\/div>\n\t\t<div class=\"elementor-element elementor-element-5163bb9 e-flex e-con-boxed e-con e-parent\" data-id=\"5163bb9\" data-element_type=\"container\" data-e-type=\"container\">\n\t\t\t\t\t<div class=\"e-con-inner\">\n\t\t\t\t<div class=\"elementor-element elementor-element-aaaae74 elementor-align-center elementor-widget__width-initial elementor-widget elementor-widget-button\" data-id=\"aaaae74\" data-element_type=\"widget\" data-e-type=\"widget\" data-widget_type=\"button.default\">\n\t\t\t\t<div class=\"elementor-widget-container\">\n\t\t\t\t\t\t\t\t\t<div class=\"elementor-button-wrapper\">\n\t\t\t\t\t<a class=\"elementor-button elementor-button-link elementor-size-sm\" href=\"https:\/\/terrasuleditora.com.br\/novo\/contato\/\">\n\t\t\t\t\t\t<span class=\"elementor-button-content-wrapper\">\n\t\t\t\t\t\t\t\t\t<span class=\"elementor-button-text\">Fale Conosco<\/span>\n\t\t\t\t\t<\/span>\n\t\t\t\t\t<\/a>\n\t\t\t\t<\/div>\n\t\t\t\t\t\t\t\t<\/div>\n\t\t\t\t<\/div>\n\t\t\t\t\t<\/div>\n\t\t\t\t<\/div>\n\t\t<div class=\"elementor-element elementor-element-a2cdb02 e-flex e-con-boxed e-con e-parent\" data-id=\"a2cdb02\" data-element_type=\"container\" data-e-type=\"container\">\n\t\t\t\t\t<div class=\"e-con-inner\">\n\t\t<div class=\"elementor-element elementor-element-0a6bae0 e-con-full e-flex e-con e-child\" data-id=\"0a6bae0\" data-element_type=\"container\" data-e-type=\"container\">\n\t\t\t\t<div class=\"elementor-element elementor-element-f8efe0a elementor-widget elementor-widget-heading\" data-id=\"f8efe0a\" data-element_type=\"widget\" data-e-type=\"widget\" data-widget_type=\"heading.default\">\n\t\t\t\t<div class=\"elementor-widget-container\">\n\t\t\t\t\t<h2 class=\"elementor-heading-title elementor-size-default\">Demonstra\u00e7\u00e3o do Material<\/h2>\t\t\t\t<\/div>\n\t\t\t\t<\/div>\n\t\t\t\t<\/div>\n\t\t<div class=\"elementor-element elementor-element-98cba4d e-con-full e-flex e-con e-child\" data-id=\"98cba4d\" data-element_type=\"container\" data-e-type=\"container\">\n\t\t\t\t<div class=\"elementor-element elementor-element-e66f290 elementor-arrows-position-inside elementor-widget elementor-widget-n-carousel\" data-id=\"e66f290\" data-element_type=\"widget\" data-e-type=\"widget\" data-settings=\"{&quot;carousel_items&quot;:[{&quot;slide_title&quot;:&quot;Slide #1&quot;,&quot;_id&quot;:&quot;a6cfd10&quot;,&quot;__dynamic__&quot;:[]},{&quot;slide_title&quot;:&quot;Slide #2&quot;,&quot;__dynamic__&quot;:[],&quot;_id&quot;:&quot;92f4281&quot;}],&quot;slides_to_show&quot;:&quot;1&quot;,&quot;offset_sides&quot;:&quot;right&quot;,&quot;slides_to_show_tablet&quot;:&quot;1&quot;,&quot;slides_to_scroll&quot;:&quot;1&quot;,&quot;offset_width&quot;:{&quot;unit&quot;:&quot;px&quot;,&quot;size&quot;:20,&quot;sizes&quot;:[]},&quot;slides_to_show_mobile&quot;:&quot;1&quot;,&quot;infinite&quot;:&quot;yes&quot;,&quot;speed&quot;:500,&quot;offset_width_tablet&quot;:{&quot;unit&quot;:&quot;px&quot;,&quot;size&quot;:&quot;&quot;,&quot;sizes&quot;:[]},&quot;offset_width_mobile&quot;:{&quot;unit&quot;:&quot;px&quot;,&quot;size&quot;:&quot;&quot;,&quot;sizes&quot;:[]},&quot;arrows&quot;:&quot;yes&quot;,&quot;image_spacing_custom&quot;:{&quot;unit&quot;:&quot;px&quot;,&quot;size&quot;:10,&quot;sizes&quot;:[]},&quot;image_spacing_custom_tablet&quot;:{&quot;unit&quot;:&quot;px&quot;,&quot;size&quot;:&quot;&quot;,&quot;sizes&quot;:[]},&quot;image_spacing_custom_mobile&quot;:{&quot;unit&quot;:&quot;px&quot;,&quot;size&quot;:&quot;&quot;,&quot;sizes&quot;:[]}}\" data-widget_type=\"nested-carousel.default\">\n\t\t\t\t<div class=\"elementor-widget-container\">\n\t\t\t\t\t\t\t<div class=\"e-n-carousel swiper\" role=\"region\" aria-roledescription=\"carousel\" aria-label=\"Carousel-02\" dir=\"ltr\">\n\t\t\t<div class=\"swiper-wrapper\" aria-live=\"polite\">\n\t\t\t\t\t\t\t\t\t\t<div class=\"swiper-slide\" data-slide=\"1\" role=\"group\" aria-roledescription=\"slide\" aria-label=\"1 of 2\">\n\t\t\t\t\t\t\t<div class=\"elementor-element elementor-element-e9d1352 e-flex e-con-boxed e-con e-child\" data-id=\"e9d1352\" data-element_type=\"container\" data-e-type=\"container\">\n\t\t\t\t\t<div class=\"e-con-inner\">\n\t\t<div class=\"elementor-element elementor-element-3688d67 e-con-full e-flex e-con e-child\" data-id=\"3688d67\" data-element_type=\"container\" data-e-type=\"container\">\n\t\t\t\t<div class=\"elementor-element elementor-element-6ef1236 elementor-widget elementor-widget-image\" data-id=\"6ef1236\" data-element_type=\"widget\" data-e-type=\"widget\" data-widget_type=\"image.default\">\n\t\t\t\t<div class=\"elementor-widget-container\">\n\t\t\t\t\t\t\t\t\t\t\t\t\t\t\t<img loading=\"lazy\" decoding=\"async\" width=\"2560\" height=\"1601\" src=\"https:\/\/terrasuleditora.com.br\/novo\/wp-content\/uploads\/2025\/06\/ex-01-1.jpeg\" class=\"attachment-full size-full wp-image-3031\" alt=\"\" srcset=\"https:\/\/terrasuleditora.com.br\/novo\/wp-content\/uploads\/2025\/06\/ex-01-1.jpeg 2560w, https:\/\/terrasuleditora.com.br\/novo\/wp-content\/uploads\/2025\/06\/ex-01-1-300x188.jpeg 300w, https:\/\/terrasuleditora.com.br\/novo\/wp-content\/uploads\/2025\/06\/ex-01-1-1024x640.jpeg 1024w, https:\/\/terrasuleditora.com.br\/novo\/wp-content\/uploads\/2025\/06\/ex-01-1-768x480.jpeg 768w, https:\/\/terrasuleditora.com.br\/novo\/wp-content\/uploads\/2025\/06\/ex-01-1-1536x961.jpeg 1536w, https:\/\/terrasuleditora.com.br\/novo\/wp-content\/uploads\/2025\/06\/ex-01-1-2048x1281.jpeg 2048w\" sizes=\"(max-width: 2560px) 100vw, 2560px\" \/>\t\t\t\t\t\t\t\t\t\t\t\t\t\t\t<\/div>\n\t\t\t\t<\/div>\n\t\t\t\t<\/div>\n\t\t\t\t\t<\/div>\n\t\t\t\t<\/div>\n\t\t\t\t\t\t\t\t<\/div>\n\t\t\t\t\t\t\t\t\t\t\t<div class=\"swiper-slide\" data-slide=\"2\" role=\"group\" aria-roledescription=\"slide\" aria-label=\"2 of 2\">\n\t\t\t\t\t\t\t<div class=\"elementor-element elementor-element-2d1512e e-flex e-con-boxed e-con e-child\" data-id=\"2d1512e\" data-element_type=\"container\" data-e-type=\"container\">\n\t\t\t\t\t<div class=\"e-con-inner\">\n\t\t<div class=\"elementor-element elementor-element-6c9eca5 e-con-full e-flex e-con e-child\" data-id=\"6c9eca5\" data-element_type=\"container\" data-e-type=\"container\">\n\t\t\t\t<div class=\"elementor-element elementor-element-76a92a6 elementor-widget elementor-widget-image\" data-id=\"76a92a6\" data-element_type=\"widget\" data-e-type=\"widget\" data-widget_type=\"image.default\">\n\t\t\t\t<div class=\"elementor-widget-container\">\n\t\t\t\t\t\t\t\t\t\t\t\t\t\t\t<img loading=\"lazy\" decoding=\"async\" width=\"2560\" height=\"1601\" src=\"https:\/\/terrasuleditora.com.br\/novo\/wp-content\/uploads\/2025\/06\/ex-02.jpeg\" class=\"attachment-full size-full wp-image-3032\" alt=\"\" srcset=\"https:\/\/terrasuleditora.com.br\/novo\/wp-content\/uploads\/2025\/06\/ex-02.jpeg 2560w, https:\/\/terrasuleditora.com.br\/novo\/wp-content\/uploads\/2025\/06\/ex-02-300x188.jpeg 300w, https:\/\/terrasuleditora.com.br\/novo\/wp-content\/uploads\/2025\/06\/ex-02-1024x640.jpeg 1024w, https:\/\/terrasuleditora.com.br\/novo\/wp-content\/uploads\/2025\/06\/ex-02-768x480.jpeg 768w, https:\/\/terrasuleditora.com.br\/novo\/wp-content\/uploads\/2025\/06\/ex-02-1536x961.jpeg 1536w, https:\/\/terrasuleditora.com.br\/novo\/wp-content\/uploads\/2025\/06\/ex-02-2048x1281.jpeg 2048w\" sizes=\"(max-width: 2560px) 100vw, 2560px\" \/>\t\t\t\t\t\t\t\t\t\t\t\t\t\t\t<\/div>\n\t\t\t\t<\/div>\n\t\t\t\t<\/div>\n\t\t\t\t\t<\/div>\n\t\t\t\t<\/div>\n\t\t\t\t\t\t\t\t<\/div>\n\t\t\t\t\t\t\t\t<\/div>\n\t\t<\/div>\n\t\t\t\t\t<div class=\"elementor-swiper-button elementor-swiper-button-prev\" role=\"button\" tabindex=\"0\" aria-label=\"Previous\">\n\t\t\t\t<svg aria-hidden=\"true\" class=\"e-font-icon-svg e-eicon-chevron-left\" viewBox=\"0 0 1000 1000\" xmlns=\"http:\/\/www.w3.org\/2000\/svg\"><path d=\"M646 125C629 125 613 133 604 142L308 442C296 454 292 471 292 487 292 504 296 521 308 533L604 854C617 867 629 875 646 875 663 875 679 871 692 858 704 846 713 829 713 812 713 796 708 779 692 767L438 487 692 225C700 217 708 204 708 187 708 171 704 154 692 142 675 129 663 125 646 125Z\"><\/path><\/svg>\t\t\t<\/div>\n\t\t\t<div class=\"elementor-swiper-button elementor-swiper-button-next\" role=\"button\" tabindex=\"0\" aria-label=\"Next\">\n\t\t\t\t<svg aria-hidden=\"true\" class=\"e-font-icon-svg e-eicon-chevron-right\" viewBox=\"0 0 1000 1000\" xmlns=\"http:\/\/www.w3.org\/2000\/svg\"><path d=\"M696 533C708 521 713 504 713 487 713 471 708 454 696 446L400 146C388 133 375 125 354 125 338 125 325 129 313 142 300 154 292 171 292 187 292 204 296 221 308 233L563 492 304 771C292 783 288 800 288 817 288 833 296 850 308 863 321 871 338 875 354 875 371 875 388 867 400 854L696 533Z\"><\/path><\/svg>\t\t\t<\/div>\n\t\t\t\t\t\t<\/div>\n\t\t\t\t<\/div>\n\t\t\t\t<\/div>\n\t\t\t\t\t<\/div>\n\t\t\t\t<\/div>\n\t\t<div class=\"elementor-element elementor-element-817ca17 e-flex e-con-boxed e-con e-parent\" data-id=\"817ca17\" data-element_type=\"container\" data-e-type=\"container\" data-settings=\"{&quot;background_background&quot;:&quot;classic&quot;}\">\n\t\t\t\t\t<div class=\"e-con-inner\">\n\t\t<div class=\"elementor-element elementor-element-490da46 e-con-full e-flex e-con e-child\" data-id=\"490da46\" data-element_type=\"container\" data-e-type=\"container\">\n\t\t\t\t<div class=\"elementor-element elementor-element-3119203 elementor-widget elementor-widget-heading\" data-id=\"3119203\" data-element_type=\"widget\" data-e-type=\"widget\" data-widget_type=\"heading.default\">\n\t\t\t\t<div class=\"elementor-widget-container\">\n\t\t\t\t\t<h2 class=\"elementor-heading-title elementor-size-default\">Quer saber mais detalhes?<\/h2>\t\t\t\t<\/div>\n\t\t\t\t<\/div>\n\t\t\t\t<\/div>\n\t\t<div class=\"elementor-element elementor-element-a672cae e-con-full e-flex e-con e-child\" data-id=\"a672cae\" data-element_type=\"container\" data-e-type=\"container\" data-settings=\"{&quot;background_background&quot;:&quot;classic&quot;}\">\n\t\t\t\t<div class=\"elementor-element elementor-element-686aaeb elementor-button-align-center elementor-widget elementor-widget-form\" data-id=\"686aaeb\" data-element_type=\"widget\" data-e-type=\"widget\" data-settings=\"{&quot;step_next_label&quot;:&quot;Next&quot;,&quot;step_previous_label&quot;:&quot;Previous&quot;,&quot;button_width&quot;:&quot;100&quot;,&quot;step_type&quot;:&quot;number_text&quot;,&quot;step_icon_shape&quot;:&quot;circle&quot;}\" data-widget_type=\"form.default\">\n\t\t\t\t<div class=\"elementor-widget-container\">\n\t\t\t\t\t\t\t<form class=\"elementor-form\" method=\"post\" name=\"New Form\" aria-label=\"New Form\">\n\t\t\t<input type=\"hidden\" name=\"post_id\" value=\"58\"\/>\n\t\t\t<input type=\"hidden\" name=\"form_id\" value=\"686aaeb\"\/>\n\t\t\t<input type=\"hidden\" name=\"referer_title\" value=\"Avaliando\" \/>\n\n\t\t\t\t\t\t\t<input type=\"hidden\" name=\"queried_id\" value=\"58\"\/>\n\t\t\t\n\t\t\t<div class=\"elementor-form-fields-wrapper elementor-labels-\">\n\t\t\t\t\t\t\t\t<div class=\"elementor-field-type-text elementor-field-group elementor-column elementor-field-group-nome elementor-col-100\">\n\t\t\t\t\t\t\t\t\t\t\t\t<label for=\"form-field-nome\" class=\"elementor-field-label elementor-screen-only\">\n\t\t\t\t\t\t\t\tNome\t\t\t\t\t\t\t<\/label>\n\t\t\t\t\t\t\t\t\t\t\t\t\t\t<input size=\"1\" type=\"text\" name=\"form_fields[nome]\" id=\"form-field-nome\" class=\"elementor-field elementor-size-sm  elementor-field-textual\" placeholder=\"Nome\">\n\t\t\t\t\t\t\t\t\t\t\t<\/div>\n\t\t\t\t\t\t\t\t<div class=\"elementor-field-type-email elementor-field-group elementor-column elementor-field-group-email elementor-col-100 elementor-field-required\">\n\t\t\t\t\t\t\t\t\t\t\t\t<label for=\"form-field-email\" class=\"elementor-field-label elementor-screen-only\">\n\t\t\t\t\t\t\t\tEmail\t\t\t\t\t\t\t<\/label>\n\t\t\t\t\t\t\t\t\t\t\t\t\t\t<input size=\"1\" type=\"email\" name=\"form_fields[email]\" id=\"form-field-email\" class=\"elementor-field elementor-size-sm  elementor-field-textual\" placeholder=\"Email\" required=\"required\">\n\t\t\t\t\t\t\t\t\t\t\t<\/div>\n\t\t\t\t\t\t\t\t<div class=\"elementor-field-type-text elementor-field-group elementor-column elementor-field-group-telefone elementor-col-100\">\n\t\t\t\t\t\t\t\t\t\t\t\t<label for=\"form-field-telefone\" class=\"elementor-field-label elementor-screen-only\">\n\t\t\t\t\t\t\t\tTelefone\t\t\t\t\t\t\t<\/label>\n\t\t\t\t\t\t\t\t\t\t\t\t\t\t<input size=\"1\" type=\"text\" name=\"form_fields[telefone]\" id=\"form-field-telefone\" class=\"elementor-field elementor-size-sm  elementor-field-textual\" placeholder=\"Telefone\">\n\t\t\t\t\t\t\t\t\t\t\t<\/div>\n\t\t\t\t\t\t\t\t<div class=\"elementor-field-group elementor-column elementor-field-type-submit elementor-col-100 e-form__buttons\">\n\t\t\t\t\t<button class=\"elementor-button elementor-size-sm\" type=\"submit\">\n\t\t\t\t\t\t<span class=\"elementor-button-content-wrapper\">\n\t\t\t\t\t\t\t\t\t\t\t\t\t\t\t\t\t\t\t\t\t\t<span class=\"elementor-button-text\">Enviar<\/span>\n\t\t\t\t\t\t\t\t\t\t\t\t\t<\/span>\n\t\t\t\t\t<\/button>\n\t\t\t\t<\/div>\n\t\t\t<\/div>\n\t\t<\/form>\n\t\t\t\t\t\t<\/div>\n\t\t\t\t<\/div>\n\t\t\t\t<\/div>\n\t\t\t\t\t<\/div>\n\t\t\t\t<\/div>\n\t\t\t\t<\/div>\n\t\t","protected":false},"excerpt":{"rendered":"<p>Ferramenta preparat\u00f3ria para as avalia\u00e7\u00f5es externas aplicadas pelo Minist\u00e9rio da Educa\u00e7\u00e3o. Acessar Plataforma Sobre Trata-se de uma ferramenta preparat\u00f3ria para as avalia\u00e7\u00f5es externas aplicadas pelo Minist\u00e9rio da Educa\u00e7\u00e3o, como o Saeb. O Avaliando \u00e9 composto por material impresso e plataforma digital, e fornecer\u00e1 condi\u00e7\u00f5es para diagn\u00f3stico dos n\u00edveis de aprendizado, possibilitando a repara\u00e7\u00e3o das defasagens [&hellip;]<\/p>\n","protected":false},"author":1,"featured_media":0,"parent":0,"menu_order":0,"comment_status":"closed","ping_status":"closed","template":"elementor_header_footer","meta":{"footnotes":""},"class_list":["post-58","page","type-page","status-publish","hentry"],"_links":{"self":[{"href":"https:\/\/terrasuleditora.com.br\/novo\/wp-json\/wp\/v2\/pages\/58","targetHints":{"allow":["GET"]}}],"collection":[{"href":"https:\/\/terrasuleditora.com.br\/novo\/wp-json\/wp\/v2\/pages"}],"about":[{"href":"https:\/\/terrasuleditora.com.br\/novo\/wp-json\/wp\/v2\/types\/page"}],"author":[{"embeddable":true,"href":"https:\/\/terrasuleditora.com.br\/novo\/wp-json\/wp\/v2\/users\/1"}],"replies":[{"embeddable":true,"href":"https:\/\/terrasuleditora.com.br\/novo\/wp-json\/wp\/v2\/comments?post=58"}],"version-history":[{"count":76,"href":"https:\/\/terrasuleditora.com.br\/novo\/wp-json\/wp\/v2\/pages\/58\/revisions"}],"predecessor-version":[{"id":3383,"href":"https:\/\/terrasuleditora.com.br\/novo\/wp-json\/wp\/v2\/pages\/58\/revisions\/3383"}],"wp:attachment":[{"href":"https:\/\/terrasuleditora.com.br\/novo\/wp-json\/wp\/v2\/media?parent=58"}],"curies":[{"name":"wp","href":"https:\/\/api.w.org\/{rel}","templated":true}]}}