{"id":86,"date":"2025-05-14T18:48:59","date_gmt":"2025-05-14T18:48:59","guid":{"rendered":"https:\/\/terrasuleditora.com.br\/novo\/?page_id=86"},"modified":"2025-06-21T20:30:04","modified_gmt":"2025-06-21T20:30:04","slug":"plataforma-digital","status":"publish","type":"page","link":"https:\/\/terrasuleditora.com.br\/novo\/plataforma-digital\/","title":{"rendered":"Plataforma Digital"},"content":{"rendered":"\t\t<div data-elementor-type=\"wp-page\" data-elementor-id=\"86\" class=\"elementor elementor-86\" data-elementor-post-type=\"page\">\n\t\t\t\t<div class=\"elementor-element elementor-element-a26e06e e-flex e-con-boxed e-con e-parent\" data-id=\"a26e06e\" data-element_type=\"container\" data-e-type=\"container\" data-settings=\"{&quot;background_background&quot;:&quot;classic&quot;}\">\n\t\t\t\t\t<div class=\"e-con-inner\">\n\t\t<div class=\"elementor-element elementor-element-6388216 e-con-full e-flex e-con e-child\" data-id=\"6388216\" data-element_type=\"container\" data-e-type=\"container\" data-settings=\"{&quot;background_background&quot;:&quot;classic&quot;}\">\n\t\t\t\t<div class=\"elementor-element elementor-element-335dbbe elementor-widget elementor-widget-image\" data-id=\"335dbbe\" data-element_type=\"widget\" data-e-type=\"widget\" data-widget_type=\"image.default\">\n\t\t\t\t<div class=\"elementor-widget-container\">\n\t\t\t\t\t\t\t\t\t\t\t\t\t\t\t<img fetchpriority=\"high\" decoding=\"async\" width=\"495\" height=\"198\" src=\"https:\/\/terrasuleditora.com.br\/novo\/wp-content\/uploads\/2025\/06\/Group-344.png\" class=\"attachment-large size-large wp-image-3414\" alt=\"\" srcset=\"https:\/\/terrasuleditora.com.br\/novo\/wp-content\/uploads\/2025\/06\/Group-344.png 495w, https:\/\/terrasuleditora.com.br\/novo\/wp-content\/uploads\/2025\/06\/Group-344-300x120.png 300w\" sizes=\"(max-width: 495px) 100vw, 495px\" \/>\t\t\t\t\t\t\t\t\t\t\t\t\t\t\t<\/div>\n\t\t\t\t<\/div>\n\t\t\t\t<div class=\"elementor-element elementor-element-4301aac elementor-widget elementor-widget-heading\" data-id=\"4301aac\" data-element_type=\"widget\" data-e-type=\"widget\" data-widget_type=\"heading.default\">\n\t\t\t\t<div class=\"elementor-widget-container\">\n\t\t\t\t\t<p class=\"elementor-heading-title elementor-size-default\">Traga novas formas de aprender para a sua escola com a nossa plataforma online.<\/p>\t\t\t\t<\/div>\n\t\t\t\t<\/div>\n\t\t\t\t<div class=\"elementor-element elementor-element-29ad30f elementor-align-left elementor-widget__width-initial elementor-widget elementor-widget-button\" data-id=\"29ad30f\" data-element_type=\"widget\" data-e-type=\"widget\" data-widget_type=\"button.default\">\n\t\t\t\t<div class=\"elementor-widget-container\">\n\t\t\t\t\t\t\t\t\t<div class=\"elementor-button-wrapper\">\n\t\t\t\t\t<a class=\"elementor-button elementor-button-link elementor-size-sm\" href=\"https:\/\/terrasuleditora.com.br\/novo\/contato\/\">\n\t\t\t\t\t\t<span class=\"elementor-button-content-wrapper\">\n\t\t\t\t\t\t\t\t\t<span class=\"elementor-button-text\">Tenha na sua escola<\/span>\n\t\t\t\t\t<\/span>\n\t\t\t\t\t<\/a>\n\t\t\t\t<\/div>\n\t\t\t\t\t\t\t\t<\/div>\n\t\t\t\t<\/div>\n\t\t\t\t<\/div>\n\t\t<div class=\"elementor-element elementor-element-d8fe478 e-con-full e-flex e-con e-child\" data-id=\"d8fe478\" data-element_type=\"container\" data-e-type=\"container\">\n\t\t\t\t<div class=\"elementor-element elementor-element-af383eb elementor-widget elementor-widget-image\" data-id=\"af383eb\" data-element_type=\"widget\" data-e-type=\"widget\" data-widget_type=\"image.default\">\n\t\t\t\t<div class=\"elementor-widget-container\">\n\t\t\t\t\t\t\t\t\t\t\t\t\t\t\t<img decoding=\"async\" width=\"768\" height=\"509\" src=\"https:\/\/terrasuleditora.com.br\/novo\/wp-content\/uploads\/2025\/06\/imagem_banner_plataforma_digital-768x509.png\" class=\"attachment-medium_large size-medium_large wp-image-3415\" alt=\"\" srcset=\"https:\/\/terrasuleditora.com.br\/novo\/wp-content\/uploads\/2025\/06\/imagem_banner_plataforma_digital-768x509.png 768w, https:\/\/terrasuleditora.com.br\/novo\/wp-content\/uploads\/2025\/06\/imagem_banner_plataforma_digital-300x199.png 300w, https:\/\/terrasuleditora.com.br\/novo\/wp-content\/uploads\/2025\/06\/imagem_banner_plataforma_digital.png 936w\" sizes=\"(max-width: 768px) 100vw, 768px\" \/>\t\t\t\t\t\t\t\t\t\t\t\t\t\t\t<\/div>\n\t\t\t\t<\/div>\n\t\t\t\t<\/div>\n\t\t\t\t\t<\/div>\n\t\t\t\t<\/div>\n\t\t<div class=\"elementor-element elementor-element-d1fdd98 e-flex e-con-boxed e-con e-parent\" data-id=\"d1fdd98\" data-element_type=\"container\" data-e-type=\"container\" data-settings=\"{&quot;background_background&quot;:&quot;classic&quot;}\">\n\t\t\t\t\t<div class=\"e-con-inner\">\n\t\t<div class=\"elementor-element elementor-element-818fd5d e-con-full e-flex e-con e-child\" data-id=\"818fd5d\" data-element_type=\"container\" data-e-type=\"container\">\n\t\t\t\t<div class=\"elementor-element elementor-element-a47f5be elementor-widget elementor-widget-heading\" data-id=\"a47f5be\" data-element_type=\"widget\" data-e-type=\"widget\" data-widget_type=\"heading.default\">\n\t\t\t\t<div class=\"elementor-widget-container\">\n\t\t\t\t\t<h2 class=\"elementor-heading-title elementor-size-default\">Sobre<\/h2>\t\t\t\t<\/div>\n\t\t\t\t<\/div>\n\t\t\t\t<div class=\"elementor-element elementor-element-8874435 elementor-widget elementor-widget-text-editor\" data-id=\"8874435\" data-element_type=\"widget\" data-e-type=\"widget\" data-widget_type=\"text-editor.default\">\n\t\t\t\t<div class=\"elementor-widget-container\">\n\t\t\t\t\t\t\t\t\t<p>Imagine ler di\u00e1logos em ingl\u00eas e ouv\u00ed-los simultaneamente, aprender sobre o descarte correto do lixo e assistir uma anima\u00e7\u00e3o mostrando o funcionamento de uma usina de reciclagem. Isso \u00e9 poss\u00edvel por meio da nossa plataforma on-line, na qual voc\u00ea encontra v\u00eddeos, anima\u00e7\u00f5es, \u00e1udios, imagens e livros em PDF. Tratam-se de conte\u00fados complementares que permitem aos alunos a compreens\u00e3o de maneira l\u00fadica de temas que, por vezes, necessitam de movimento, sons e outros recursos al\u00e9m do que se pode colocar em uma p\u00e1gina de livro.<\/p><p>O que voc\u00ea vai encontrar:<\/p><p><strong>V\u00eddeos<\/strong><\/p><p><strong>Anima\u00e7\u00f5es<\/strong><\/p><p><strong>Infogr\u00e1ficos<\/strong><\/p><p><strong>Livros em PDF<\/strong><\/p><p><strong>\u00c1udios<\/strong><\/p><p>Todos os nossos materiais est\u00e3o de acordo com as normas da BNCC.<\/p>\t\t\t\t\t\t\t\t<\/div>\n\t\t\t\t<\/div>\n\t\t\t\t<\/div>\n\t\t<div class=\"elementor-element elementor-element-3a353a1 e-con-full e-flex e-con e-child\" data-id=\"3a353a1\" data-element_type=\"container\" data-e-type=\"container\">\n\t\t\t\t<div class=\"elementor-element elementor-element-9f9b8eb elementor-widget elementor-widget-image\" data-id=\"9f9b8eb\" data-element_type=\"widget\" data-e-type=\"widget\" data-widget_type=\"image.default\">\n\t\t\t\t<div class=\"elementor-widget-container\">\n\t\t\t\t\t\t\t\t\t\t\t\t\t\t\t<img decoding=\"async\" width=\"211\" height=\"319\" src=\"https:\/\/terrasuleditora.com.br\/novo\/wp-content\/uploads\/2025\/06\/icon-projeto-1-min.png\" class=\"attachment-large size-large wp-image-2942\" alt=\"\" srcset=\"https:\/\/terrasuleditora.com.br\/novo\/wp-content\/uploads\/2025\/06\/icon-projeto-1-min.png 211w, https:\/\/terrasuleditora.com.br\/novo\/wp-content\/uploads\/2025\/06\/icon-projeto-1-min-198x300.png 198w\" sizes=\"(max-width: 211px) 100vw, 211px\" \/>\t\t\t\t\t\t\t\t\t\t\t\t\t\t\t<\/div>\n\t\t\t\t<\/div>\n\t\t\t\t<\/div>\n\t\t\t\t\t<\/div>\n\t\t\t\t<\/div>\n\t\t<div class=\"elementor-element elementor-element-84d7086 e-flex e-con-boxed e-con e-parent\" data-id=\"84d7086\" data-element_type=\"container\" data-e-type=\"container\">\n\t\t\t\t\t<div class=\"e-con-inner\">\n\t\t\t\t<div class=\"elementor-element elementor-element-650004f elementor-widget elementor-widget-heading\" data-id=\"650004f\" data-element_type=\"widget\" data-e-type=\"widget\" data-widget_type=\"heading.default\">\n\t\t\t\t<div class=\"elementor-widget-container\">\n\t\t\t\t\t<h2 class=\"elementor-heading-title elementor-size-default\">Conhe\u00e7a o Projeto<\/h2>\t\t\t\t<\/div>\n\t\t\t\t<\/div>\n\t\t\t\t\t<\/div>\n\t\t\t\t<\/div>\n\t\t<div class=\"elementor-element elementor-element-a5c76ef e-flex e-con-boxed e-con e-parent\" data-id=\"a5c76ef\" data-element_type=\"container\" data-e-type=\"container\">\n\t\t\t\t\t<div class=\"e-con-inner\">\n\t\t\t\t<div class=\"elementor-element elementor-element-17ddf77 elementor-widget elementor-widget-image\" data-id=\"17ddf77\" data-element_type=\"widget\" data-e-type=\"widget\" data-widget_type=\"image.default\">\n\t\t\t\t<div class=\"elementor-widget-container\">\n\t\t\t\t\t\t\t\t\t\t\t\t\t\t\t<img loading=\"lazy\" decoding=\"async\" width=\"771\" height=\"401\" src=\"https:\/\/terrasuleditora.com.br\/novo\/wp-content\/uploads\/2025\/06\/icons-projeto-1-min.png\" class=\"attachment-large size-large wp-image-3429\" alt=\"\" srcset=\"https:\/\/terrasuleditora.com.br\/novo\/wp-content\/uploads\/2025\/06\/icons-projeto-1-min.png 771w, https:\/\/terrasuleditora.com.br\/novo\/wp-content\/uploads\/2025\/06\/icons-projeto-1-min-300x156.png 300w, https:\/\/terrasuleditora.com.br\/novo\/wp-content\/uploads\/2025\/06\/icons-projeto-1-min-768x399.png 768w\" sizes=\"(max-width: 771px) 100vw, 771px\" \/>\t\t\t\t\t\t\t\t\t\t\t\t\t\t\t<\/div>\n\t\t\t\t<\/div>\n\t\t\t\t\t<\/div>\n\t\t\t\t<\/div>\n\t\t<div class=\"elementor-element elementor-element-432fea8 e-flex e-con-boxed e-con e-parent\" data-id=\"432fea8\" data-element_type=\"container\" data-e-type=\"container\" data-settings=\"{&quot;background_background&quot;:&quot;classic&quot;}\">\n\t\t\t\t\t<div class=\"e-con-inner\">\n\t\t\t\t<div class=\"elementor-element elementor-element-3608258 elementor-widget elementor-widget-heading\" data-id=\"3608258\" data-element_type=\"widget\" data-e-type=\"widget\" data-widget_type=\"heading.default\">\n\t\t\t\t<div class=\"elementor-widget-container\">\n\t\t\t\t\t<h2 class=\"elementor-heading-title elementor-size-default\">Todos os nossos materiais est\u00e3o de acordo com as normas da BNCC<\/h2>\t\t\t\t<\/div>\n\t\t\t\t<\/div>\n\t\t\t\t\t<\/div>\n\t\t\t\t<\/div>\n\t\t<div class=\"elementor-element elementor-element-dda3d33 e-flex e-con-boxed e-con e-parent\" data-id=\"dda3d33\" data-element_type=\"container\" data-e-type=\"container\">\n\t\t\t\t\t<div class=\"e-con-inner\">\n\t\t\t\t<div class=\"elementor-element elementor-element-d3b3d24 elementor-align-center elementor-widget__width-initial elementor-widget elementor-widget-button\" data-id=\"d3b3d24\" data-element_type=\"widget\" data-e-type=\"widget\" data-widget_type=\"button.default\">\n\t\t\t\t<div class=\"elementor-widget-container\">\n\t\t\t\t\t\t\t\t\t<div class=\"elementor-button-wrapper\">\n\t\t\t\t\t<a class=\"elementor-button elementor-button-link elementor-size-sm\" href=\"https:\/\/terrasuleditora.com.br\/novo\/contato\/\">\n\t\t\t\t\t\t<span class=\"elementor-button-content-wrapper\">\n\t\t\t\t\t\t\t\t\t<span class=\"elementor-button-text\">Fale Conosco<\/span>\n\t\t\t\t\t<\/span>\n\t\t\t\t\t<\/a>\n\t\t\t\t<\/div>\n\t\t\t\t\t\t\t\t<\/div>\n\t\t\t\t<\/div>\n\t\t\t\t\t<\/div>\n\t\t\t\t<\/div>\n\t\t<div class=\"elementor-element elementor-element-0bdca8f e-flex e-con-boxed e-con e-parent\" data-id=\"0bdca8f\" data-element_type=\"container\" data-e-type=\"container\">\n\t\t\t\t\t<div class=\"e-con-inner\">\n\t\t<div class=\"elementor-element elementor-element-fdd322a e-con-full e-flex e-con e-child\" data-id=\"fdd322a\" data-element_type=\"container\" data-e-type=\"container\">\n\t\t\t\t<div class=\"elementor-element elementor-element-9b5ed0d elementor-widget elementor-widget-heading\" data-id=\"9b5ed0d\" data-element_type=\"widget\" data-e-type=\"widget\" data-widget_type=\"heading.default\">\n\t\t\t\t<div class=\"elementor-widget-container\">\n\t\t\t\t\t<h2 class=\"elementor-heading-title elementor-size-default\">Demonstra\u00e7\u00e3o do Material<\/h2>\t\t\t\t<\/div>\n\t\t\t\t<\/div>\n\t\t\t\t<\/div>\n\t\t<div class=\"elementor-element elementor-element-9879dbf e-con-full e-flex e-con e-child\" data-id=\"9879dbf\" data-element_type=\"container\" data-e-type=\"container\">\n\t\t\t\t<div class=\"elementor-element elementor-element-0259ae0 elementor-arrows-position-inside elementor-widget elementor-widget-n-carousel\" data-id=\"0259ae0\" data-element_type=\"widget\" data-e-type=\"widget\" data-settings=\"{&quot;carousel_items&quot;:[{&quot;slide_title&quot;:&quot;Slide #1&quot;,&quot;_id&quot;:&quot;a6cfd10&quot;,&quot;__dynamic__&quot;:[]},{&quot;slide_title&quot;:&quot;Slide #2&quot;,&quot;__dynamic__&quot;:[],&quot;_id&quot;:&quot;92f4281&quot;}],&quot;slides_to_show&quot;:&quot;1&quot;,&quot;offset_sides&quot;:&quot;right&quot;,&quot;slides_to_show_tablet&quot;:&quot;1&quot;,&quot;slides_to_scroll&quot;:&quot;1&quot;,&quot;offset_width&quot;:{&quot;unit&quot;:&quot;px&quot;,&quot;size&quot;:56,&quot;sizes&quot;:[]},&quot;slides_to_show_mobile&quot;:&quot;1&quot;,&quot;infinite&quot;:&quot;yes&quot;,&quot;speed&quot;:500,&quot;offset_width_tablet&quot;:{&quot;unit&quot;:&quot;px&quot;,&quot;size&quot;:&quot;&quot;,&quot;sizes&quot;:[]},&quot;offset_width_mobile&quot;:{&quot;unit&quot;:&quot;px&quot;,&quot;size&quot;:&quot;&quot;,&quot;sizes&quot;:[]},&quot;arrows&quot;:&quot;yes&quot;,&quot;image_spacing_custom&quot;:{&quot;unit&quot;:&quot;px&quot;,&quot;size&quot;:10,&quot;sizes&quot;:[]},&quot;image_spacing_custom_tablet&quot;:{&quot;unit&quot;:&quot;px&quot;,&quot;size&quot;:&quot;&quot;,&quot;sizes&quot;:[]},&quot;image_spacing_custom_mobile&quot;:{&quot;unit&quot;:&quot;px&quot;,&quot;size&quot;:&quot;&quot;,&quot;sizes&quot;:[]}}\" data-widget_type=\"nested-carousel.default\">\n\t\t\t\t<div class=\"elementor-widget-container\">\n\t\t\t\t\t\t\t<div class=\"e-n-carousel swiper\" role=\"region\" aria-roledescription=\"carousel\" aria-label=\"Carousel-02\" dir=\"ltr\">\n\t\t\t<div class=\"swiper-wrapper\" aria-live=\"polite\">\n\t\t\t\t\t\t\t\t\t\t<div class=\"swiper-slide\" data-slide=\"1\" role=\"group\" aria-roledescription=\"slide\" aria-label=\"1 of 2\">\n\t\t\t\t\t\t\t<div class=\"elementor-element elementor-element-c4ac48b e-flex e-con-boxed e-con e-child\" data-id=\"c4ac48b\" data-element_type=\"container\" data-e-type=\"container\">\n\t\t\t\t\t<div class=\"e-con-inner\">\n\t\t<div class=\"elementor-element elementor-element-57ffe52 e-con-full e-flex e-con e-child\" data-id=\"57ffe52\" data-element_type=\"container\" data-e-type=\"container\">\n\t\t\t\t<div class=\"elementor-element elementor-element-f284c0c elementor-widget elementor-widget-image\" data-id=\"f284c0c\" data-element_type=\"widget\" data-e-type=\"widget\" data-widget_type=\"image.default\">\n\t\t\t\t<div class=\"elementor-widget-container\">\n\t\t\t\t\t\t\t\t\t\t\t\t\t\t\t<img loading=\"lazy\" decoding=\"async\" width=\"1096\" height=\"684\" src=\"https:\/\/terrasuleditora.com.br\/novo\/wp-content\/uploads\/2025\/06\/projeto-img-3-min-Copia-2.png\" class=\"attachment-full size-full wp-image-2974\" alt=\"\" srcset=\"https:\/\/terrasuleditora.com.br\/novo\/wp-content\/uploads\/2025\/06\/projeto-img-3-min-Copia-2.png 1096w, https:\/\/terrasuleditora.com.br\/novo\/wp-content\/uploads\/2025\/06\/projeto-img-3-min-Copia-2-300x187.png 300w, https:\/\/terrasuleditora.com.br\/novo\/wp-content\/uploads\/2025\/06\/projeto-img-3-min-Copia-2-1024x639.png 1024w, https:\/\/terrasuleditora.com.br\/novo\/wp-content\/uploads\/2025\/06\/projeto-img-3-min-Copia-2-768x479.png 768w\" sizes=\"(max-width: 1096px) 100vw, 1096px\" \/>\t\t\t\t\t\t\t\t\t\t\t\t\t\t\t<\/div>\n\t\t\t\t<\/div>\n\t\t\t\t<\/div>\n\t\t\t\t\t<\/div>\n\t\t\t\t<\/div>\n\t\t\t\t\t\t\t\t<\/div>\n\t\t\t\t\t\t\t\t\t\t\t<div class=\"swiper-slide\" data-slide=\"2\" role=\"group\" aria-roledescription=\"slide\" aria-label=\"2 of 2\">\n\t\t\t\t\t\t\t<div class=\"elementor-element elementor-element-164b336 e-flex e-con-boxed e-con e-child\" data-id=\"164b336\" data-element_type=\"container\" data-e-type=\"container\">\n\t\t\t\t\t<div class=\"e-con-inner\">\n\t\t<div class=\"elementor-element elementor-element-b1cdb6a e-con-full e-flex e-con e-child\" data-id=\"b1cdb6a\" data-element_type=\"container\" data-e-type=\"container\">\n\t\t\t\t<div class=\"elementor-element elementor-element-06a79b4 elementor-widget elementor-widget-image\" data-id=\"06a79b4\" data-element_type=\"widget\" data-e-type=\"widget\" data-widget_type=\"image.default\">\n\t\t\t\t<div class=\"elementor-widget-container\">\n\t\t\t\t\t\t\t\t\t\t\t\t\t\t\t<img loading=\"lazy\" decoding=\"async\" width=\"1096\" height=\"684\" src=\"https:\/\/terrasuleditora.com.br\/novo\/wp-content\/uploads\/2025\/06\/projeto-img-3-min-Copia-2.png\" class=\"attachment-full size-full wp-image-2974\" alt=\"\" srcset=\"https:\/\/terrasuleditora.com.br\/novo\/wp-content\/uploads\/2025\/06\/projeto-img-3-min-Copia-2.png 1096w, https:\/\/terrasuleditora.com.br\/novo\/wp-content\/uploads\/2025\/06\/projeto-img-3-min-Copia-2-300x187.png 300w, https:\/\/terrasuleditora.com.br\/novo\/wp-content\/uploads\/2025\/06\/projeto-img-3-min-Copia-2-1024x639.png 1024w, https:\/\/terrasuleditora.com.br\/novo\/wp-content\/uploads\/2025\/06\/projeto-img-3-min-Copia-2-768x479.png 768w\" sizes=\"(max-width: 1096px) 100vw, 1096px\" \/>\t\t\t\t\t\t\t\t\t\t\t\t\t\t\t<\/div>\n\t\t\t\t<\/div>\n\t\t\t\t<\/div>\n\t\t\t\t\t<\/div>\n\t\t\t\t<\/div>\n\t\t\t\t\t\t\t\t<\/div>\n\t\t\t\t\t\t\t\t<\/div>\n\t\t<\/div>\n\t\t\t\t\t<div class=\"elementor-swiper-button elementor-swiper-button-prev\" role=\"button\" tabindex=\"0\" aria-label=\"Previous\">\n\t\t\t\t<svg aria-hidden=\"true\" class=\"e-font-icon-svg e-eicon-chevron-left\" viewBox=\"0 0 1000 1000\" xmlns=\"http:\/\/www.w3.org\/2000\/svg\"><path d=\"M646 125C629 125 613 133 604 142L308 442C296 454 292 471 292 487 292 504 296 521 308 533L604 854C617 867 629 875 646 875 663 875 679 871 692 858 704 846 713 829 713 812 713 796 708 779 692 767L438 487 692 225C700 217 708 204 708 187 708 171 704 154 692 142 675 129 663 125 646 125Z\"><\/path><\/svg>\t\t\t<\/div>\n\t\t\t<div class=\"elementor-swiper-button elementor-swiper-button-next\" role=\"button\" tabindex=\"0\" aria-label=\"Next\">\n\t\t\t\t<svg aria-hidden=\"true\" class=\"e-font-icon-svg e-eicon-chevron-right\" viewBox=\"0 0 1000 1000\" xmlns=\"http:\/\/www.w3.org\/2000\/svg\"><path d=\"M696 533C708 521 713 504 713 487 713 471 708 454 696 446L400 146C388 133 375 125 354 125 338 125 325 129 313 142 300 154 292 171 292 187 292 204 296 221 308 233L563 492 304 771C292 783 288 800 288 817 288 833 296 850 308 863 321 871 338 875 354 875 371 875 388 867 400 854L696 533Z\"><\/path><\/svg>\t\t\t<\/div>\n\t\t\t\t\t\t<\/div>\n\t\t\t\t<\/div>\n\t\t\t\t<\/div>\n\t\t\t\t\t<\/div>\n\t\t\t\t<\/div>\n\t\t<div class=\"elementor-element elementor-element-dc595cd e-flex e-con-boxed e-con e-parent\" data-id=\"dc595cd\" data-element_type=\"container\" data-e-type=\"container\" data-settings=\"{&quot;background_background&quot;:&quot;classic&quot;}\">\n\t\t\t\t\t<div class=\"e-con-inner\">\n\t\t\t\t<div class=\"elementor-element elementor-element-80d5cdd elementor-widget elementor-widget-heading\" data-id=\"80d5cdd\" data-element_type=\"widget\" data-e-type=\"widget\" data-widget_type=\"heading.default\">\n\t\t\t\t<div class=\"elementor-widget-container\">\n\t\t\t\t\t<h2 class=\"elementor-heading-title elementor-size-default\">Quer saber mais detalhes ?<\/h2>\t\t\t\t<\/div>\n\t\t\t\t<\/div>\n\t\t\t\t<div class=\"elementor-element elementor-element-9bf0a78 elementor-align-center elementor-widget elementor-widget-button\" data-id=\"9bf0a78\" data-element_type=\"widget\" data-e-type=\"widget\" data-widget_type=\"button.default\">\n\t\t\t\t<div class=\"elementor-widget-container\">\n\t\t\t\t\t\t\t\t\t<div class=\"elementor-button-wrapper\">\n\t\t\t\t\t<a class=\"elementor-button elementor-button-link elementor-size-sm\" href=\"https:\/\/terrasuleditora.com.br\/novo\/contato\/\">\n\t\t\t\t\t\t<span class=\"elementor-button-content-wrapper\">\n\t\t\t\t\t\t\t\t\t<span class=\"elementor-button-text\">Fale Conosco<\/span>\n\t\t\t\t\t<\/span>\n\t\t\t\t\t<\/a>\n\t\t\t\t<\/div>\n\t\t\t\t\t\t\t\t<\/div>\n\t\t\t\t<\/div>\n\t\t\t\t\t<\/div>\n\t\t\t\t<\/div>\n\t\t\t\t<\/div>\n\t\t","protected":false},"excerpt":{"rendered":"<p>Traga novas formas de aprender para a sua escola com a nossa plataforma online. Tenha na sua escola Sobre Imagine ler di\u00e1logos em ingl\u00eas e ouv\u00ed-los simultaneamente, aprender sobre o descarte correto do lixo e assistir uma anima\u00e7\u00e3o mostrando o funcionamento de uma usina de reciclagem. Isso \u00e9 poss\u00edvel por meio da nossa plataforma on-line, [&hellip;]<\/p>\n","protected":false},"author":1,"featured_media":0,"parent":0,"menu_order":0,"comment_status":"closed","ping_status":"closed","template":"elementor_header_footer","meta":{"footnotes":""},"class_list":["post-86","page","type-page","status-publish","hentry"],"_links":{"self":[{"href":"https:\/\/terrasuleditora.com.br\/novo\/wp-json\/wp\/v2\/pages\/86","targetHints":{"allow":["GET"]}}],"collection":[{"href":"https:\/\/terrasuleditora.com.br\/novo\/wp-json\/wp\/v2\/pages"}],"about":[{"href":"https:\/\/terrasuleditora.com.br\/novo\/wp-json\/wp\/v2\/types\/page"}],"author":[{"embeddable":true,"href":"https:\/\/terrasuleditora.com.br\/novo\/wp-json\/wp\/v2\/users\/1"}],"replies":[{"embeddable":true,"href":"https:\/\/terrasuleditora.com.br\/novo\/wp-json\/wp\/v2\/comments?post=86"}],"version-history":[{"count":22,"href":"https:\/\/terrasuleditora.com.br\/novo\/wp-json\/wp\/v2\/pages\/86\/revisions"}],"predecessor-version":[{"id":3435,"href":"https:\/\/terrasuleditora.com.br\/novo\/wp-json\/wp\/v2\/pages\/86\/revisions\/3435"}],"wp:attachment":[{"href":"https:\/\/terrasuleditora.com.br\/novo\/wp-json\/wp\/v2\/media?parent=86"}],"curies":[{"name":"wp","href":"https:\/\/api.w.org\/{rel}","templated":true}]}}